{"id":26,"date":"2022-10-13T17:15:13","date_gmt":"2022-10-13T17:15:13","guid":{"rendered":"https:\/\/albrafer.com.br\/index.php\/home\/"},"modified":"2022-10-24T12:15:13","modified_gmt":"2022-10-24T12:15:13","slug":"home","status":"publish","type":"page","link":"https:\/\/albrafer.com.br\/","title":{"rendered":"Home"},"content":{"rendered":"<script type=\"text\/javascript\">\r\ndocument.addEventListener(\"DOMContentLoaded\", function(event) { \r\n\tjQuery( '#slider-pro-3-261' ).sliderPro({\r\n\t\t\/\/width\r\n\t\t\t\tforceSize: 'fullWidth',\r\n\t\t\t\t\r\n\t\t\/\/height\r\n\t\t\t\tautoHeight: true,\r\n\t\t\t\t\r\n\t\t\/\/auto play\r\n\t\t\t\tautoplay:  true,\r\n\t\tautoplayOnHover: 'none',\r\n\t\t\t\t\t\t\t\tautoplayDelay: 5000,\r\n\t\t\r\n\t\t\r\n\t\tarrows: false,\r\n\t\tbuttons: false,\r\n\t\tsmallSize: 500,\r\n\t\tmediumSize: 1000,\r\n\t\tlargeSize: 3000,\r\n\t\tfade: true,\r\n\t\t\r\n\t\t\/\/thumbnail\r\n\t\tthumbnailArrows: true,\r\n\t\tthumbnailWidth: 120,\r\n\t\tthumbnailHeight: 120,\r\n\t\t\t\t\t\tthumbnailsPosition: 'bottom',\r\n\t\t\t\t\t\tthumbnailPointer: true, \r\n\t\t\t\tcenterImage: true,\r\n\t\timageScaleMode: 'cover',\r\n\t\tallowScaleUp: true,\r\n\t\t\t\tstartSlide: 0,\r\n\t\tloop: true,\r\n\t\tslideDistance: 5,\r\n\t\tautoplayDirection: 'normal',\r\n\t\ttouchSwipe: true,\r\n\t\tfullScreen: true,\r\n\t});\r\n});\r\n<\/script>\r\n<style>\r\n\/* Layout 3 *\/\r\n\/* border *\/\r\n\r\n\/* font + color *\/\r\n.title-in  {\r\n\tfont-family: Arial !important;\r\n\tcolor: #FFFFFF !important;\r\n\tbackground-color: #000000 !important;\r\n\topacity: 0.7 !important;\r\n}\r\n.desc-in  {\r\n\tfont-family: Arial !important;\r\n\tcolor: #FFFFFF !important;\r\n\tbackground-color: #00000 !important;\r\n\topacity: 0.7 !important;\r\n}\r\n\r\n\/* bullets color *\/\r\n.sp-button  {\r\n\tborder: 2px solid #000000 !important;\r\n}\r\n.sp-selected-button  {\r\n\tbackground-color: #000000 !important;\r\n}\r\n\r\n\/* pointer color - bottom *\/\r\n.sp-selected-thumbnail::before {\r\n\tborder-bottom: 5px solid #000000 !important;\r\n}\r\n.sp-selected-thumbnail::after {\r\n\tborder-bottom: 13px solid #000000 !important;\r\n}\r\n\r\n\/* pointer color - top *\/\r\n\r\n\/* full screen icon *\/\r\n.sp-full-screen-button::before {\r\n    color: #FFFFFF !important;\r\n}\r\n\r\n\/* hover navigation icon color *\/\r\n.sp-next-arrow::after, .sp-next-arrow::before {\r\n\tbackground-color: #FFFFFF !important;\r\n}\r\n.sp-previous-arrow::after, .sp-previous-arrow::before {\r\n\tbackground-color: #FFFFFF !important;\r\n}\r\n\r\n#slider-pro-3-261 .title-in {\r\n\tcolor: #FFFFFF !important;\r\n\tfont-weight: bolder;\r\n\ttext-align: center;\r\n}\r\n\r\n#slider-pro-3-261 .title-in-bg {\r\n\tbackground: rgba(255, 255, 255, 0.7); !important;\r\n\twhite-space: unset !important;\r\n\tmax-width: 90%;\r\n\tmin-width: 40%;\r\n\ttransform: initial !important;\r\n\t-webkit-transform: initial !important;\r\n\tfont-size: 14px !important;\r\n}\r\n\r\n#slider-pro-3-261 .desc-in {\r\n\tcolor: #FFFFFF !important;\r\n\ttext-align: center;\r\n}\r\n#slider-pro-3-261 .desc-in-bg {\r\n\tbackground: rgba(#00000, 0.7) !important;\r\n\twhite-space: unset !important;\r\n\twidth: 80% !important;\r\n\tmin-width: 30%;\r\n\ttransform: initial !important;\r\n\t-webkit-transform: initial !important;\r\n\tfont-size: 13px !important;\r\n}\r\n\r\n@media (max-width: 640px) {\r\n\t#slider-pro-3-261 .hide-small-screen {\r\n\t\tdisplay: none;\r\n\t}\r\n}\r\n\r\n@media (max-width: 860px) {\r\n\t#slider-pro-3-261 .sp-layer {\r\n\t\tfont-size: 18px;\r\n\t}\r\n\t\r\n\t#slider-pro-3-261 .hide-medium-screen {\r\n\t\tdisplay: none;\r\n\t}\r\n}\r\n.slides-not-found {\r\n\tbackground-color: #a92929;\r\n\tborder-radius: 5px;\r\n\tcolor: #fff;\r\n\tfont-family: initial;\r\n\ttext-align: center;\r\n\tpadding:12px;\r\n}\r\n\/* Custom CSS *\/\r\n<\/style>\r\n\t\t<div id=\"slider-pro-3-261\" class=\"slider-pro\">\r\n\t\t\t<!---- slides div start ---->\r\n\t\t\t<div class=\"sp-slides\">\r\n\t\t\t\t\t\t\t\t\t\t<div class=\"sp-slide\">\r\n\t\t\t\t\t\t\t<img class=\"sp-image\" alt=\"\" src=\"https:\/\/albrafer.com.br\/wp-content\/plugins\/ultimate-responsive-image-slider\/assets\/css\/images\/blank.gif\" data-src=\"https:\/\/albrafer.com.br\/wp-content\/uploads\/2022\/10\/slide.png\" \/>\r\n\r\n\t\t\t\t\t\t\t\r\n\t\t\t\t\t\t\t\t\t\t\t\t\t<\/div>\r\n\t\t\t\t\t\t\t\t\t<\/div>\r\n\t\t\t\r\n\t\t\t<!---- slides div end ---->\r\n\t\t\t\t\t\t<!-- slides thumbnails div end -->\r\n\t\t<\/div>\r\n\n\n\n\n<h2 class=\"has-text-align-center wp-block-heading\">EQUIPAMENTOS<\/h2>\n\n\n\n<p>A presta\u00e7\u00e3o de servi\u00e7os de usinagem \u00e9 \u00fatil e necess\u00e1ria para diversos segmentos. Algo que faz muita diferen\u00e7a para os clientes que contratam ou terceirizam este tipo de servi\u00e7o, \u00e9 o maquin\u00e1rio utilizado pelos seus fornecedores. A Albrafer \u00e9 uma empresa que possui ferramental moderno para desenvolvimento de produtos com qualidade.<\/p>\n\n\n\n<div style=\"height:77px\" aria-hidden=\"true\" class=\"wp-block-spacer\"><\/div>\n\n\n\n<p><\/p>\n\n\n\n<div class=\"wp-block-columns is-layout-flex wp-container-4\">\n<div class=\"wp-block-column is-layout-flow\">\n<div class=\"wp-block-media-text alignwide is-stacked-on-mobile\"><figure class=\"wp-block-media-text__media\"><img decoding=\"async\" loading=\"lazy\" width=\"95\" height=\"86\" src=\"https:\/\/albrafer.com.br\/wp-content\/uploads\/2022\/10\/Centro-de-Usinagem-M3016L.jpg\" alt=\"\" class=\"wp-image-101 size-full\"\/><\/figure><div class=\"wp-block-media-text__content\">\n<p class=\"has-text-align-left\"><strong>Centro de Usinagem M3016L<br><\/strong>Tamanho da Mesa: 900 x 420 mm.<br>Curso x \/ y \/ z: 760 \/ 400 \/ 500.<\/p>\n<\/div><\/div>\n<\/div>\n\n\n\n<div class=\"wp-block-column is-layout-flow\">\n<div class=\"wp-block-media-text alignwide is-stacked-on-mobile\"><figure class=\"wp-block-media-text__media\"><img decoding=\"async\" loading=\"lazy\" width=\"89\" height=\"86\" src=\"https:\/\/albrafer.com.br\/wp-content\/uploads\/2022\/10\/CNC.jpg\" alt=\"\" class=\"wp-image-102 size-full\"\/><\/figure><div class=\"wp-block-media-text__content\">\n<p><strong>CNC &#8211; Hart Ford LG-1000<\/strong><br>Tamanho da mesa: 1.150 x 510 mm.<br>Curso x \/ y \/ z: 1000 \/ 510 \/ 630.<\/p>\n<\/div><\/div>\n<\/div>\n\n\n\n<div class=\"wp-block-column is-layout-flow\">\n<div class=\"wp-block-media-text alignwide is-stacked-on-mobile\"><figure class=\"wp-block-media-text__media\"><img decoding=\"async\" loading=\"lazy\" width=\"89\" height=\"86\" src=\"https:\/\/albrafer.com.br\/wp-content\/uploads\/2022\/10\/Eletroerosao-a-Fio-CUT-20.jpg\" alt=\"\" class=\"wp-image-103 size-full\"\/><\/figure><div class=\"wp-block-media-text__content\">\n<p><strong>Eletroeros\u00e3o a Fio CUT 20<br><\/strong>Tamanho da Mesa: 900 x 680 x 250 mm.<br>Curso x \/ y \/ z: 350 \/ 250 \/ 250.<\/p>\n<\/div><\/div>\n<\/div>\n<\/div>\n\n\n\n<div class=\"wp-block-columns is-layout-flex wp-container-8\">\n<div class=\"wp-block-column is-layout-flow\">\n<div class=\"wp-block-media-text alignwide is-stacked-on-mobile\"><figure class=\"wp-block-media-text__media\"><img decoding=\"async\" loading=\"lazy\" width=\"89\" height=\"86\" src=\"https:\/\/albrafer.com.br\/wp-content\/uploads\/2022\/10\/Fresadora-ferramenteira-Diplomat..jpg\" alt=\"\" class=\"wp-image-139 size-full\"\/><\/figure><div class=\"wp-block-media-text__content\">\n<p><strong>Fresadora ferramenteira Diplomat.<br><\/strong>Tamanho da mesa: 1500 x 305 mm.<br>Curso x \/ y \/ z: 980 \/ 440 \/ 406.<br>Comando: Heindenhain nos tr\u00eas eixos.<\/p>\n<\/div><\/div>\n<\/div>\n\n\n\n<div class=\"wp-block-column is-layout-flow\">\n<div class=\"wp-block-media-text alignwide is-stacked-on-mobile\"><figure class=\"wp-block-media-text__media\"><img decoding=\"async\" loading=\"lazy\" width=\"89\" height=\"86\" src=\"https:\/\/albrafer.com.br\/wp-content\/uploads\/2022\/10\/Fresadora-ferramenteira-Sun-Like..jpg\" alt=\"\" class=\"wp-image-140 size-full\"\/><\/figure><div class=\"wp-block-media-text__content\">\n<p><strong>Fresadora ferramenteira Sun Like.<br><\/strong>Tamanho da mesa: 1.370 x 250 mm.<br>Curso x \/ y \/ z : 900 \/ 420 \/ 420.<br>Motor principal: 5 HP.<br>Comando: Fagor nos tr\u00eas eixos.<\/p>\n<\/div><\/div>\n<\/div>\n\n\n\n<div class=\"wp-block-column is-layout-flow\">\n<div class=\"wp-block-media-text alignwide is-stacked-on-mobile\"><figure class=\"wp-block-media-text__media\"><img decoding=\"async\" loading=\"lazy\" width=\"89\" height=\"86\" src=\"https:\/\/albrafer.com.br\/wp-content\/uploads\/2022\/10\/Fresadora-ferramenteira-Sun-Like..jpg\" alt=\"\" class=\"wp-image-140 size-full\"\/><\/figure><div class=\"wp-block-media-text__content\">\n<p><strong>Fresadora ferramenteira Sun Like.<br><\/strong>Tamanho da mesa: 1.370 x 250 mm.<br>Curso x \/ y \/ z : 900 \/ 420 \/ 420.<br>Motor principal: 5 HP.<br>Comando: Fagor nos tr\u00eas eixos.<\/p>\n<\/div><\/div>\n<\/div>\n<\/div>\n\n\n\n<div class=\"wp-block-columns is-layout-flex wp-container-12\">\n<div class=\"wp-block-column is-layout-flow\">\n<div class=\"wp-block-media-text alignwide is-stacked-on-mobile\"><figure class=\"wp-block-media-text__media\"><img decoding=\"async\" loading=\"lazy\" width=\"89\" height=\"86\" src=\"https:\/\/albrafer.com.br\/wp-content\/uploads\/2022\/10\/Retifica-Plana-Sul-Mecanica..jpg\" alt=\"\" class=\"wp-image-141 size-full\"\/><\/figure><div class=\"wp-block-media-text__content\">\n<p><strong>Ret\u00edfica Plana Sul Mec\u00e2nica.<br><\/strong>Tamanho da mesa: 900 x 450 mm.<br>Curso x \/ y \/ z : 900 \/ 450 \/ 350.<\/p>\n<\/div><\/div>\n<\/div>\n\n\n\n<div class=\"wp-block-column is-layout-flow\">\n<div class=\"wp-block-media-text alignwide is-stacked-on-mobile\"><figure class=\"wp-block-media-text__media\"><img decoding=\"async\" loading=\"lazy\" width=\"89\" height=\"75\" src=\"https:\/\/albrafer.com.br\/wp-content\/uploads\/2022\/10\/Smart-Basic-CNC-BF500.jpg\" alt=\"\" class=\"wp-image-142 size-full\"\/><\/figure><div class=\"wp-block-media-text__content\">\n<p><strong>Smart Basic CNC BF500<br><\/strong>Tamanho da mesa: 600 x 400 mm.<br>Curso x \/ y \/ z : 500 \/ 300 \/ 300.<br>Peso M\u00e1ximo sobre a Mesa: 1.700Kg<\/p>\n<\/div><\/div>\n<\/div>\n\n\n\n<div class=\"wp-block-column is-layout-flow\">\n<div class=\"wp-block-media-text alignwide is-stacked-on-mobile\"><figure class=\"wp-block-media-text__media\"><img decoding=\"async\" loading=\"lazy\" width=\"89\" height=\"86\" src=\"https:\/\/albrafer.com.br\/wp-content\/uploads\/2022\/10\/Torno-DOOSAN-INFRACORE.jpg\" alt=\"\" class=\"wp-image-143 size-full\"\/><\/figure><div class=\"wp-block-media-text__content\">\n<p><strong>Torno DOOSAN INFRACORE<\/strong><br>M\u00e1ximo di\u00e2metro torne\u00e1vel 320 mm<br>M\u00e1ximo comprimento torne\u00e1vel 322 mm<\/p>\n<\/div><\/div>\n<\/div>\n<\/div>\n\n\n\n<div class=\"wp-block-columns is-layout-flex wp-container-16\">\n<div class=\"wp-block-column is-layout-flow\">\n<div class=\"wp-block-media-text alignwide is-stacked-on-mobile\"><figure class=\"wp-block-media-text__media\"><img decoding=\"async\" loading=\"lazy\" width=\"128\" height=\"87\" src=\"https:\/\/albrafer.com.br\/wp-content\/uploads\/2022\/10\/Torno-DOOSAN-PUMA-240C.jpg\" alt=\"\" class=\"wp-image-144 size-full\"\/><\/figure><div class=\"wp-block-media-text__content\">\n<p><strong>Torno DOOSAN PUMA 240C<br><\/strong>M\u00e1ximo di\u00e2metro torne\u00e1vel 400 mm<br>M\u00e1ximo comprimento torne\u00e1vel 480 mm<\/p>\n<\/div><\/div>\n<\/div>\n\n\n\n<div class=\"wp-block-column is-layout-flow\">\n<div class=\"wp-block-media-text alignwide is-stacked-on-mobile\"><figure class=\"wp-block-media-text__media\"><img decoding=\"async\" loading=\"lazy\" width=\"89\" height=\"86\" src=\"https:\/\/albrafer.com.br\/wp-content\/uploads\/2022\/10\/Torno-Universal-Nardini-ND-250-x-1500.jpg\" alt=\"\" class=\"wp-image-145 size-full\"\/><\/figure><div class=\"wp-block-media-text__content\">\n<p><strong>Torno Universal Time Master CDL 410<\/strong><br>M\u00e1ximo di\u00e2metro torne\u00e1vel 410 mm<br>M\u00e1ximo comprimento torne\u00e1vel 1000 mm<br>Comando: Fagor nos dois eixos.<\/p>\n<\/div><\/div>\n<\/div>\n\n\n\n<div class=\"wp-block-column is-layout-flow\">\n<div class=\"wp-block-media-text alignwide is-stacked-on-mobile\"><figure class=\"wp-block-media-text__media\"><img decoding=\"async\" loading=\"lazy\" width=\"89\" height=\"86\" src=\"https:\/\/albrafer.com.br\/wp-content\/uploads\/2022\/10\/Torno-Universal-Time-Master-CDL-410.jpg\" alt=\"\" class=\"wp-image-146 size-full\"\/><\/figure><div class=\"wp-block-media-text__content\">\n<p><strong>Torno Universal Nardini ND-250 x 1500.<br><\/strong>M\u00e1ximo di\u00e2metro torne\u00e1vel 500 mm<br>M\u00e1ximo comprimento torne\u00e1vel 1500 mm<br>Comando: Fagor nos dois eixos.<\/p>\n<\/div><\/div>\n<\/div>\n<\/div>\n","protected":false},"excerpt":{"rendered":"<p>EQUIPAMENTOS A presta\u00e7\u00e3o de servi\u00e7os de usinagem \u00e9 \u00fatil e necess\u00e1ria para diversos segmentos. Algo que faz muita diferen\u00e7a para os clientes que contratam ou terceirizam este tipo de servi\u00e7o, \u00e9 o maquin\u00e1rio utilizado pelos seus fornecedores. A Albrafer \u00e9 uma empresa que possui ferramental moderno para desenvolvimento de produtos com qualidade. Centro de Usinagem [&hellip;]<\/p>\n","protected":false},"author":1,"featured_media":0,"parent":0,"menu_order":0,"comment_status":"closed","ping_status":"closed","template":"","meta":[],"yoast_head":"<!-- This site is optimized with the Yoast SEO plugin v19.8 - https:\/\/yoast.com\/wordpress\/plugins\/seo\/ -->\n<title>Home - Albrafer Ferramentaria<\/title>\n<meta name=\"robots\" content=\"index, follow, max-snippet:-1, max-image-preview:large, max-video-preview:-1\" \/>\n<link rel=\"canonical\" href=\"https:\/\/albrafer.com.br\/\" \/>\n<meta property=\"og:locale\" content=\"pt_BR\" \/>\n<meta property=\"og:type\" content=\"article\" \/>\n<meta property=\"og:title\" content=\"Home - Albrafer Ferramentaria\" \/>\n<meta property=\"og:description\" content=\"EQUIPAMENTOS A presta\u00e7\u00e3o de servi\u00e7os de usinagem \u00e9 \u00fatil e necess\u00e1ria para diversos segmentos. Algo que faz muita diferen\u00e7a para os clientes que contratam ou terceirizam este tipo de servi\u00e7o, \u00e9 o maquin\u00e1rio utilizado pelos seus fornecedores. A Albrafer \u00e9 uma empresa que possui ferramental moderno para desenvolvimento de produtos com qualidade. Centro de Usinagem [&hellip;]\" \/>\n<meta property=\"og:url\" content=\"https:\/\/albrafer.com.br\/\" \/>\n<meta property=\"og:site_name\" content=\"Albrafer Ferramentaria\" \/>\n<meta property=\"article:modified_time\" content=\"2022-10-24T12:15:13+00:00\" \/>\n<meta property=\"og:image\" content=\"https:\/\/albrafer.com.br\/wp-content\/uploads\/2022\/10\/Centro-de-Usinagem-M3016L.jpg\" \/>\n<meta name=\"twitter:card\" content=\"summary_large_image\" \/>\n<meta name=\"twitter:label1\" content=\"Est. tempo de leitura\" \/>\n\t<meta name=\"twitter:data1\" content=\"5 minutos\" \/>\n<script type=\"application\/ld+json\" class=\"yoast-schema-graph\">{\"@context\":\"https:\/\/schema.org\",\"@graph\":[{\"@type\":\"WebPage\",\"@id\":\"https:\/\/albrafer.com.br\/\",\"url\":\"https:\/\/albrafer.com.br\/\",\"name\":\"Home - Albrafer Ferramentaria\",\"isPartOf\":{\"@id\":\"https:\/\/albrafer.com.br\/#website\"},\"datePublished\":\"2022-10-13T17:15:13+00:00\",\"dateModified\":\"2022-10-24T12:15:13+00:00\",\"breadcrumb\":{\"@id\":\"https:\/\/albrafer.com.br\/#breadcrumb\"},\"inLanguage\":\"pt-BR\",\"potentialAction\":[{\"@type\":\"ReadAction\",\"target\":[\"https:\/\/albrafer.com.br\/\"]}]},{\"@type\":\"BreadcrumbList\",\"@id\":\"https:\/\/albrafer.com.br\/#breadcrumb\",\"itemListElement\":[{\"@type\":\"ListItem\",\"position\":1,\"name\":\"In\u00edcio\",\"item\":\"https:\/\/albrafer.com.br\/\"},{\"@type\":\"ListItem\",\"position\":2,\"name\":\"Home\"}]},{\"@type\":\"WebSite\",\"@id\":\"https:\/\/albrafer.com.br\/#website\",\"url\":\"https:\/\/albrafer.com.br\/\",\"name\":\"Albrafer Ferramentaria\",\"description\":\"\",\"publisher\":{\"@id\":\"https:\/\/albrafer.com.br\/#organization\"},\"potentialAction\":[{\"@type\":\"SearchAction\",\"target\":{\"@type\":\"EntryPoint\",\"urlTemplate\":\"https:\/\/albrafer.com.br\/?s={search_term_string}\"},\"query-input\":\"required name=search_term_string\"}],\"inLanguage\":\"pt-BR\"},{\"@type\":\"Organization\",\"@id\":\"https:\/\/albrafer.com.br\/#organization\",\"name\":\"Albrafer Ferramentaria\",\"url\":\"https:\/\/albrafer.com.br\/\",\"sameAs\":[],\"logo\":{\"@type\":\"ImageObject\",\"inLanguage\":\"pt-BR\",\"@id\":\"https:\/\/albrafer.com.br\/#\/schema\/logo\/image\/\",\"url\":\"https:\/\/albrafer.com.br\/wp-content\/uploads\/2022\/10\/Logotipo_Horizontal-Albrafer.png\",\"contentUrl\":\"https:\/\/albrafer.com.br\/wp-content\/uploads\/2022\/10\/Logotipo_Horizontal-Albrafer.png\",\"width\":2928,\"height\":859,\"caption\":\"Albrafer Ferramentaria\"},\"image\":{\"@id\":\"https:\/\/albrafer.com.br\/#\/schema\/logo\/image\/\"}}]}<\/script>\n<!-- \/ Yoast SEO plugin. -->","yoast_head_json":{"title":"Home - Albrafer Ferramentaria","robots":{"index":"index","follow":"follow","max-snippet":"max-snippet:-1","max-image-preview":"max-image-preview:large","max-video-preview":"max-video-preview:-1"},"canonical":"https:\/\/albrafer.com.br\/","og_locale":"pt_BR","og_type":"article","og_title":"Home - Albrafer Ferramentaria","og_description":"EQUIPAMENTOS A presta\u00e7\u00e3o de servi\u00e7os de usinagem \u00e9 \u00fatil e necess\u00e1ria para diversos segmentos. Algo que faz muita diferen\u00e7a para os clientes que contratam ou terceirizam este tipo de servi\u00e7o, \u00e9 o maquin\u00e1rio utilizado pelos seus fornecedores. A Albrafer \u00e9 uma empresa que possui ferramental moderno para desenvolvimento de produtos com qualidade. Centro de Usinagem [&hellip;]","og_url":"https:\/\/albrafer.com.br\/","og_site_name":"Albrafer Ferramentaria","article_modified_time":"2022-10-24T12:15:13+00:00","og_image":[{"url":"https:\/\/albrafer.com.br\/wp-content\/uploads\/2022\/10\/Centro-de-Usinagem-M3016L.jpg"}],"twitter_card":"summary_large_image","twitter_misc":{"Est. tempo de leitura":"5 minutos"},"schema":{"@context":"https:\/\/schema.org","@graph":[{"@type":"WebPage","@id":"https:\/\/albrafer.com.br\/","url":"https:\/\/albrafer.com.br\/","name":"Home - Albrafer Ferramentaria","isPartOf":{"@id":"https:\/\/albrafer.com.br\/#website"},"datePublished":"2022-10-13T17:15:13+00:00","dateModified":"2022-10-24T12:15:13+00:00","breadcrumb":{"@id":"https:\/\/albrafer.com.br\/#breadcrumb"},"inLanguage":"pt-BR","potentialAction":[{"@type":"ReadAction","target":["https:\/\/albrafer.com.br\/"]}]},{"@type":"BreadcrumbList","@id":"https:\/\/albrafer.com.br\/#breadcrumb","itemListElement":[{"@type":"ListItem","position":1,"name":"In\u00edcio","item":"https:\/\/albrafer.com.br\/"},{"@type":"ListItem","position":2,"name":"Home"}]},{"@type":"WebSite","@id":"https:\/\/albrafer.com.br\/#website","url":"https:\/\/albrafer.com.br\/","name":"Albrafer Ferramentaria","description":"","publisher":{"@id":"https:\/\/albrafer.com.br\/#organization"},"potentialAction":[{"@type":"SearchAction","target":{"@type":"EntryPoint","urlTemplate":"https:\/\/albrafer.com.br\/?s={search_term_string}"},"query-input":"required name=search_term_string"}],"inLanguage":"pt-BR"},{"@type":"Organization","@id":"https:\/\/albrafer.com.br\/#organization","name":"Albrafer Ferramentaria","url":"https:\/\/albrafer.com.br\/","sameAs":[],"logo":{"@type":"ImageObject","inLanguage":"pt-BR","@id":"https:\/\/albrafer.com.br\/#\/schema\/logo\/image\/","url":"https:\/\/albrafer.com.br\/wp-content\/uploads\/2022\/10\/Logotipo_Horizontal-Albrafer.png","contentUrl":"https:\/\/albrafer.com.br\/wp-content\/uploads\/2022\/10\/Logotipo_Horizontal-Albrafer.png","width":2928,"height":859,"caption":"Albrafer Ferramentaria"},"image":{"@id":"https:\/\/albrafer.com.br\/#\/schema\/logo\/image\/"}}]}},"_links":{"self":[{"href":"https:\/\/albrafer.com.br\/index.php\/wp-json\/wp\/v2\/pages\/26"}],"collection":[{"href":"https:\/\/albrafer.com.br\/index.php\/wp-json\/wp\/v2\/pages"}],"about":[{"href":"https:\/\/albrafer.com.br\/index.php\/wp-json\/wp\/v2\/types\/page"}],"author":[{"embeddable":true,"href":"https:\/\/albrafer.com.br\/index.php\/wp-json\/wp\/v2\/users\/1"}],"replies":[{"embeddable":true,"href":"https:\/\/albrafer.com.br\/index.php\/wp-json\/wp\/v2\/comments?post=26"}],"version-history":[{"count":17,"href":"https:\/\/albrafer.com.br\/index.php\/wp-json\/wp\/v2\/pages\/26\/revisions"}],"predecessor-version":[{"id":264,"href":"https:\/\/albrafer.com.br\/index.php\/wp-json\/wp\/v2\/pages\/26\/revisions\/264"}],"wp:attachment":[{"href":"https:\/\/albrafer.com.br\/index.php\/wp-json\/wp\/v2\/media?parent=26"}],"curies":[{"name":"wp","href":"https:\/\/api.w.org\/{rel}","templated":true}]}}