{"id":27,"date":"2022-10-13T17:15:13","date_gmt":"2022-10-13T17:15:13","guid":{"rendered":"https:\/\/albrafer.com.br\/index.php\/make-a-great-website-with-specia\/"},"modified":"2022-10-18T14:25:03","modified_gmt":"2022-10-18T14:25:03","slug":"dispositivos-2","status":"publish","type":"page","link":"https:\/\/albrafer.com.br\/index.php\/dispositivos-2\/","title":{"rendered":"Dispositivos"},"content":{"rendered":"<p>A Albrafer Ferramentaria executa CFE projeto do cliente ou desenvolve de acordo com a necessidade do mesmo, dispositivos para as mais<br>variadas aplica\u00e7\u00f5es:<br>&#8211; Dispositivos de controle de superf\u00edcie e contorno;<br>&#8211; Dispositivo de controle tipo passo\/ n\u00e3o passo;<br>&#8211; Dispositivo de fixa\u00e7\u00e3o de pe\u00e7as a serem usinadas;<br>&#8211; Dispositivo de dobra de componentes para aramados;<br>&#8211; Dispositivos de solda fixo ou manual para maquina de solda \u00e0 proje\u00e7\u00e3o;<br>&#8211; Dispositivos especiais.<\/p>\n<p><\/p>\n\n\n<div class=\"wp-block-columns is-layout-flex wp-container-4\">\n<div class=\"wp-block-column is-layout-flow\">\n<figure class=\"wp-block-image size-full\"><img decoding=\"async\" loading=\"lazy\" width=\"640\" height=\"480\" src=\"https:\/\/albrafer.com.br\/wp-content\/uploads\/2022\/10\/20111028142837.jpg\" alt=\"\" class=\"wp-image-43\" srcset=\"https:\/\/albrafer.com.br\/wp-content\/uploads\/2022\/10\/20111028142837.jpg 640w, https:\/\/albrafer.com.br\/wp-content\/uploads\/2022\/10\/20111028142837-300x225.jpg 300w\" sizes=\"(max-width: 640px) 100vw, 640px\" \/><\/figure>\n<\/div>\n\n\n\n<div class=\"wp-block-column is-layout-flow\">\n<figure class=\"wp-block-image size-full\"><img decoding=\"async\" loading=\"lazy\" width=\"640\" height=\"480\" src=\"https:\/\/albrafer.com.br\/wp-content\/uploads\/2022\/10\/20111101102938.jpg\" alt=\"\" class=\"wp-image-44\" srcset=\"https:\/\/albrafer.com.br\/wp-content\/uploads\/2022\/10\/20111101102938.jpg 640w, https:\/\/albrafer.com.br\/wp-content\/uploads\/2022\/10\/20111101102938-300x225.jpg 300w\" sizes=\"(max-width: 640px) 100vw, 640px\" \/><\/figure>\n<\/div>\n\n\n\n<div class=\"wp-block-column is-layout-flow\">\n<figure class=\"wp-block-image size-full\"><img decoding=\"async\" loading=\"lazy\" width=\"640\" height=\"480\" src=\"https:\/\/albrafer.com.br\/wp-content\/uploads\/2022\/10\/20111109141629.jpg\" alt=\"\" class=\"wp-image-45\" srcset=\"https:\/\/albrafer.com.br\/wp-content\/uploads\/2022\/10\/20111109141629.jpg 640w, https:\/\/albrafer.com.br\/wp-content\/uploads\/2022\/10\/20111109141629-300x225.jpg 300w\" sizes=\"(max-width: 640px) 100vw, 640px\" \/><\/figure>\n<\/div>\n<\/div>\n\n\n\n<div class=\"wp-block-columns is-layout-flex wp-container-8\">\n<div class=\"wp-block-column is-layout-flow\">\n<figure class=\"wp-block-image size-full\"><img decoding=\"async\" loading=\"lazy\" width=\"640\" height=\"480\" src=\"https:\/\/albrafer.com.br\/wp-content\/uploads\/2022\/10\/20111109142019.jpg\" alt=\"\" class=\"wp-image-46\" srcset=\"https:\/\/albrafer.com.br\/wp-content\/uploads\/2022\/10\/20111109142019.jpg 640w, https:\/\/albrafer.com.br\/wp-content\/uploads\/2022\/10\/20111109142019-300x225.jpg 300w\" sizes=\"(max-width: 640px) 100vw, 640px\" \/><\/figure>\n<\/div>\n\n\n\n<div class=\"wp-block-column is-layout-flow\">\n<figure class=\"wp-block-image size-full\"><img decoding=\"async\" loading=\"lazy\" width=\"640\" height=\"480\" src=\"https:\/\/albrafer.com.br\/wp-content\/uploads\/2022\/10\/20111109142126.jpg\" alt=\"\" class=\"wp-image-47\" srcset=\"https:\/\/albrafer.com.br\/wp-content\/uploads\/2022\/10\/20111109142126.jpg 640w, https:\/\/albrafer.com.br\/wp-content\/uploads\/2022\/10\/20111109142126-300x225.jpg 300w\" sizes=\"(max-width: 640px) 100vw, 640px\" \/><\/figure>\n<\/div>\n\n\n\n<div class=\"wp-block-column is-layout-flow\">\n<figure class=\"wp-block-image size-full\"><img decoding=\"async\" loading=\"lazy\" width=\"640\" height=\"480\" src=\"https:\/\/albrafer.com.br\/wp-content\/uploads\/2022\/10\/20111111141337.jpg\" alt=\"\" class=\"wp-image-48\" srcset=\"https:\/\/albrafer.com.br\/wp-content\/uploads\/2022\/10\/20111111141337.jpg 640w, https:\/\/albrafer.com.br\/wp-content\/uploads\/2022\/10\/20111111141337-300x225.jpg 300w\" sizes=\"(max-width: 640px) 100vw, 640px\" \/><\/figure>\n<\/div>\n<\/div>\n\n\n\n<div class=\"wp-block-columns is-layout-flex wp-container-12\">\n<div class=\"wp-block-column is-layout-flow\">\n<figure class=\"wp-block-image size-full\"><img decoding=\"async\" loading=\"lazy\" width=\"640\" height=\"480\" src=\"https:\/\/albrafer.com.br\/wp-content\/uploads\/2022\/10\/20120403132911.jpg\" alt=\"\" class=\"wp-image-49\" srcset=\"https:\/\/albrafer.com.br\/wp-content\/uploads\/2022\/10\/20120403132911.jpg 640w, https:\/\/albrafer.com.br\/wp-content\/uploads\/2022\/10\/20120403132911-300x225.jpg 300w\" sizes=\"(max-width: 640px) 100vw, 640px\" \/><\/figure>\n<\/div>\n\n\n\n<div class=\"wp-block-column is-layout-flow\">\n<figure class=\"wp-block-image size-full\"><img decoding=\"async\" loading=\"lazy\" width=\"640\" height=\"480\" src=\"https:\/\/albrafer.com.br\/wp-content\/uploads\/2022\/10\/20120403133132.jpg\" alt=\"\" class=\"wp-image-50\" srcset=\"https:\/\/albrafer.com.br\/wp-content\/uploads\/2022\/10\/20120403133132.jpg 640w, https:\/\/albrafer.com.br\/wp-content\/uploads\/2022\/10\/20120403133132-300x225.jpg 300w\" sizes=\"(max-width: 640px) 100vw, 640px\" \/><\/figure>\n<\/div>\n\n\n\n<div class=\"wp-block-column is-layout-flow\">\n<figure class=\"wp-block-image size-full\"><img decoding=\"async\" loading=\"lazy\" width=\"640\" height=\"480\" src=\"https:\/\/albrafer.com.br\/wp-content\/uploads\/2022\/10\/20120723152515.jpg\" alt=\"\" class=\"wp-image-51\" srcset=\"https:\/\/albrafer.com.br\/wp-content\/uploads\/2022\/10\/20120723152515.jpg 640w, https:\/\/albrafer.com.br\/wp-content\/uploads\/2022\/10\/20120723152515-300x225.jpg 300w\" sizes=\"(max-width: 640px) 100vw, 640px\" \/><\/figure>\n<\/div>\n<\/div>\n\n\n\n<div class=\"wp-block-columns is-layout-flex wp-container-16\">\n<div class=\"wp-block-column is-layout-flow\">\n<figure class=\"wp-block-image size-full is-resized\"><img decoding=\"async\" loading=\"lazy\" src=\"https:\/\/albrafer.com.br\/wp-content\/uploads\/2022\/10\/20120730144951.jpg\" alt=\"\" class=\"wp-image-52\" width=\"255\" height=\"339\" srcset=\"https:\/\/albrafer.com.br\/wp-content\/uploads\/2022\/10\/20120730144951.jpg 480w, https:\/\/albrafer.com.br\/wp-content\/uploads\/2022\/10\/20120730144951-225x300.jpg 225w\" sizes=\"(max-width: 255px) 100vw, 255px\" \/><\/figure>\n<\/div>\n\n\n\n<div class=\"wp-block-column is-layout-flow\">\n<figure class=\"wp-block-image size-full\"><img decoding=\"async\" loading=\"lazy\" width=\"800\" height=\"600\" src=\"https:\/\/albrafer.com.br\/wp-content\/uploads\/2022\/10\/DSC02794.jpg\" alt=\"\" class=\"wp-image-54\" srcset=\"https:\/\/albrafer.com.br\/wp-content\/uploads\/2022\/10\/DSC02794.jpg 800w, https:\/\/albrafer.com.br\/wp-content\/uploads\/2022\/10\/DSC02794-300x225.jpg 300w, https:\/\/albrafer.com.br\/wp-content\/uploads\/2022\/10\/DSC02794-768x576.jpg 768w\" sizes=\"(max-width: 800px) 100vw, 800px\" \/><\/figure>\n<\/div>\n\n\n\n<div class=\"wp-block-column is-layout-flow\">\n<figure class=\"wp-block-image size-full\"><img decoding=\"async\" loading=\"lazy\" width=\"640\" height=\"480\" src=\"https:\/\/albrafer.com.br\/wp-content\/uploads\/2022\/10\/20120730145035-1.jpg\" alt=\"\" class=\"wp-image-55\" srcset=\"https:\/\/albrafer.com.br\/wp-content\/uploads\/2022\/10\/20120730145035-1.jpg 640w, https:\/\/albrafer.com.br\/wp-content\/uploads\/2022\/10\/20120730145035-1-300x225.jpg 300w\" sizes=\"(max-width: 640px) 100vw, 640px\" \/><\/figure>\n<\/div>\n<\/div>\n","protected":false},"excerpt":{"rendered":"<p>A Albrafer Ferramentaria executa CFE projeto do cliente ou desenvolve de acordo com a necessidade do mesmo, dispositivos para as maisvariadas aplica\u00e7\u00f5es:&#8211; Dispositivos de controle de superf\u00edcie e contorno;&#8211; Dispositivo de controle tipo passo\/ n\u00e3o passo;&#8211; Dispositivo de fixa\u00e7\u00e3o de pe\u00e7as a serem usinadas;&#8211; Dispositivo de dobra de componentes para aramados;&#8211; Dispositivos de solda fixo [&hellip;]<\/p>\n","protected":false},"author":1,"featured_media":89,"parent":0,"menu_order":0,"comment_status":"closed","ping_status":"closed","template":"","meta":[],"yoast_head":"<!-- This site is optimized with the Yoast SEO plugin v19.8 - https:\/\/yoast.com\/wordpress\/plugins\/seo\/ -->\n<title>Dispositivos - Albrafer Ferramentaria<\/title>\n<meta name=\"robots\" content=\"index, follow, max-snippet:-1, max-image-preview:large, max-video-preview:-1\" \/>\n<link rel=\"canonical\" href=\"https:\/\/albrafer.com.br\/index.php\/dispositivos-2\/\" \/>\n<meta property=\"og:locale\" content=\"pt_BR\" \/>\n<meta property=\"og:type\" content=\"article\" \/>\n<meta property=\"og:title\" content=\"Dispositivos - Albrafer Ferramentaria\" \/>\n<meta property=\"og:description\" content=\"A Albrafer Ferramentaria executa CFE projeto do cliente ou desenvolve de acordo com a necessidade do mesmo, dispositivos para as maisvariadas aplica\u00e7\u00f5es:&#8211; Dispositivos de controle de superf\u00edcie e contorno;&#8211; Dispositivo de controle tipo passo\/ n\u00e3o passo;&#8211; Dispositivo de fixa\u00e7\u00e3o de pe\u00e7as a serem usinadas;&#8211; Dispositivo de dobra de componentes para aramados;&#8211; Dispositivos de solda fixo [&hellip;]\" \/>\n<meta property=\"og:url\" content=\"https:\/\/albrafer.com.br\/index.php\/dispositivos-2\/\" \/>\n<meta property=\"og:site_name\" content=\"Albrafer Ferramentaria\" \/>\n<meta property=\"article:modified_time\" content=\"2022-10-18T14:25:03+00:00\" \/>\n<meta property=\"og:image\" content=\"https:\/\/albrafer.com.br\/wp-content\/uploads\/2022\/10\/slide-dispositivos.jpg\" \/>\n\t<meta property=\"og:image:width\" content=\"1600\" \/>\n\t<meta property=\"og:image:height\" content=\"600\" \/>\n\t<meta property=\"og:image:type\" content=\"image\/jpeg\" \/>\n<meta name=\"twitter:card\" content=\"summary_large_image\" \/>\n<meta name=\"twitter:label1\" content=\"Est. tempo de leitura\" \/>\n\t<meta name=\"twitter:data1\" content=\"3 minutos\" \/>\n<script type=\"application\/ld+json\" class=\"yoast-schema-graph\">{\"@context\":\"https:\/\/schema.org\",\"@graph\":[{\"@type\":\"WebPage\",\"@id\":\"https:\/\/albrafer.com.br\/index.php\/dispositivos-2\/\",\"url\":\"https:\/\/albrafer.com.br\/index.php\/dispositivos-2\/\",\"name\":\"Dispositivos - Albrafer Ferramentaria\",\"isPartOf\":{\"@id\":\"https:\/\/albrafer.com.br\/#website\"},\"datePublished\":\"2022-10-13T17:15:13+00:00\",\"dateModified\":\"2022-10-18T14:25:03+00:00\",\"breadcrumb\":{\"@id\":\"https:\/\/albrafer.com.br\/index.php\/dispositivos-2\/#breadcrumb\"},\"inLanguage\":\"pt-BR\",\"potentialAction\":[{\"@type\":\"ReadAction\",\"target\":[\"https:\/\/albrafer.com.br\/index.php\/dispositivos-2\/\"]}]},{\"@type\":\"BreadcrumbList\",\"@id\":\"https:\/\/albrafer.com.br\/index.php\/dispositivos-2\/#breadcrumb\",\"itemListElement\":[{\"@type\":\"ListItem\",\"position\":1,\"name\":\"In\u00edcio\",\"item\":\"https:\/\/albrafer.com.br\/\"},{\"@type\":\"ListItem\",\"position\":2,\"name\":\"Dispositivos\"}]},{\"@type\":\"WebSite\",\"@id\":\"https:\/\/albrafer.com.br\/#website\",\"url\":\"https:\/\/albrafer.com.br\/\",\"name\":\"Albrafer Ferramentaria\",\"description\":\"\",\"publisher\":{\"@id\":\"https:\/\/albrafer.com.br\/#organization\"},\"potentialAction\":[{\"@type\":\"SearchAction\",\"target\":{\"@type\":\"EntryPoint\",\"urlTemplate\":\"https:\/\/albrafer.com.br\/?s={search_term_string}\"},\"query-input\":\"required name=search_term_string\"}],\"inLanguage\":\"pt-BR\"},{\"@type\":\"Organization\",\"@id\":\"https:\/\/albrafer.com.br\/#organization\",\"name\":\"Albrafer Ferramentaria\",\"url\":\"https:\/\/albrafer.com.br\/\",\"sameAs\":[],\"logo\":{\"@type\":\"ImageObject\",\"inLanguage\":\"pt-BR\",\"@id\":\"https:\/\/albrafer.com.br\/#\/schema\/logo\/image\/\",\"url\":\"https:\/\/albrafer.com.br\/wp-content\/uploads\/2022\/10\/Logotipo_Horizontal-Albrafer.png\",\"contentUrl\":\"https:\/\/albrafer.com.br\/wp-content\/uploads\/2022\/10\/Logotipo_Horizontal-Albrafer.png\",\"width\":2928,\"height\":859,\"caption\":\"Albrafer Ferramentaria\"},\"image\":{\"@id\":\"https:\/\/albrafer.com.br\/#\/schema\/logo\/image\/\"}}]}<\/script>\n<!-- \/ Yoast SEO plugin. -->","yoast_head_json":{"title":"Dispositivos - Albrafer Ferramentaria","robots":{"index":"index","follow":"follow","max-snippet":"max-snippet:-1","max-image-preview":"max-image-preview:large","max-video-preview":"max-video-preview:-1"},"canonical":"https:\/\/albrafer.com.br\/index.php\/dispositivos-2\/","og_locale":"pt_BR","og_type":"article","og_title":"Dispositivos - Albrafer Ferramentaria","og_description":"A Albrafer Ferramentaria executa CFE projeto do cliente ou desenvolve de acordo com a necessidade do mesmo, dispositivos para as maisvariadas aplica\u00e7\u00f5es:&#8211; Dispositivos de controle de superf\u00edcie e contorno;&#8211; Dispositivo de controle tipo passo\/ n\u00e3o passo;&#8211; Dispositivo de fixa\u00e7\u00e3o de pe\u00e7as a serem usinadas;&#8211; Dispositivo de dobra de componentes para aramados;&#8211; Dispositivos de solda fixo [&hellip;]","og_url":"https:\/\/albrafer.com.br\/index.php\/dispositivos-2\/","og_site_name":"Albrafer Ferramentaria","article_modified_time":"2022-10-18T14:25:03+00:00","og_image":[{"width":1600,"height":600,"url":"https:\/\/albrafer.com.br\/wp-content\/uploads\/2022\/10\/slide-dispositivos.jpg","type":"image\/jpeg"}],"twitter_card":"summary_large_image","twitter_misc":{"Est. tempo de leitura":"3 minutos"},"schema":{"@context":"https:\/\/schema.org","@graph":[{"@type":"WebPage","@id":"https:\/\/albrafer.com.br\/index.php\/dispositivos-2\/","url":"https:\/\/albrafer.com.br\/index.php\/dispositivos-2\/","name":"Dispositivos - Albrafer Ferramentaria","isPartOf":{"@id":"https:\/\/albrafer.com.br\/#website"},"datePublished":"2022-10-13T17:15:13+00:00","dateModified":"2022-10-18T14:25:03+00:00","breadcrumb":{"@id":"https:\/\/albrafer.com.br\/index.php\/dispositivos-2\/#breadcrumb"},"inLanguage":"pt-BR","potentialAction":[{"@type":"ReadAction","target":["https:\/\/albrafer.com.br\/index.php\/dispositivos-2\/"]}]},{"@type":"BreadcrumbList","@id":"https:\/\/albrafer.com.br\/index.php\/dispositivos-2\/#breadcrumb","itemListElement":[{"@type":"ListItem","position":1,"name":"In\u00edcio","item":"https:\/\/albrafer.com.br\/"},{"@type":"ListItem","position":2,"name":"Dispositivos"}]},{"@type":"WebSite","@id":"https:\/\/albrafer.com.br\/#website","url":"https:\/\/albrafer.com.br\/","name":"Albrafer Ferramentaria","description":"","publisher":{"@id":"https:\/\/albrafer.com.br\/#organization"},"potentialAction":[{"@type":"SearchAction","target":{"@type":"EntryPoint","urlTemplate":"https:\/\/albrafer.com.br\/?s={search_term_string}"},"query-input":"required name=search_term_string"}],"inLanguage":"pt-BR"},{"@type":"Organization","@id":"https:\/\/albrafer.com.br\/#organization","name":"Albrafer Ferramentaria","url":"https:\/\/albrafer.com.br\/","sameAs":[],"logo":{"@type":"ImageObject","inLanguage":"pt-BR","@id":"https:\/\/albrafer.com.br\/#\/schema\/logo\/image\/","url":"https:\/\/albrafer.com.br\/wp-content\/uploads\/2022\/10\/Logotipo_Horizontal-Albrafer.png","contentUrl":"https:\/\/albrafer.com.br\/wp-content\/uploads\/2022\/10\/Logotipo_Horizontal-Albrafer.png","width":2928,"height":859,"caption":"Albrafer Ferramentaria"},"image":{"@id":"https:\/\/albrafer.com.br\/#\/schema\/logo\/image\/"}}]}},"_links":{"self":[{"href":"https:\/\/albrafer.com.br\/index.php\/wp-json\/wp\/v2\/pages\/27"}],"collection":[{"href":"https:\/\/albrafer.com.br\/index.php\/wp-json\/wp\/v2\/pages"}],"about":[{"href":"https:\/\/albrafer.com.br\/index.php\/wp-json\/wp\/v2\/types\/page"}],"author":[{"embeddable":true,"href":"https:\/\/albrafer.com.br\/index.php\/wp-json\/wp\/v2\/users\/1"}],"replies":[{"embeddable":true,"href":"https:\/\/albrafer.com.br\/index.php\/wp-json\/wp\/v2\/comments?post=27"}],"version-history":[{"count":2,"href":"https:\/\/albrafer.com.br\/index.php\/wp-json\/wp\/v2\/pages\/27\/revisions"}],"predecessor-version":[{"id":186,"href":"https:\/\/albrafer.com.br\/index.php\/wp-json\/wp\/v2\/pages\/27\/revisions\/186"}],"wp:featuredmedia":[{"embeddable":true,"href":"https:\/\/albrafer.com.br\/index.php\/wp-json\/wp\/v2\/media\/89"}],"wp:attachment":[{"href":"https:\/\/albrafer.com.br\/index.php\/wp-json\/wp\/v2\/media?parent=27"}],"curies":[{"name":"wp","href":"https:\/\/api.w.org\/{rel}","templated":true}]}}