{"id":35,"date":"2022-10-13T17:15:13","date_gmt":"2022-10-13T17:15:13","guid":{"rendered":"https:\/\/albrafer.com.br\/index.php\/ethics-features\/"},"modified":"2023-01-12T20:28:08","modified_gmt":"2023-01-12T20:28:08","slug":"sobre","status":"publish","type":"page","link":"https:\/\/albrafer.com.br\/index.php\/sobre\/","title":{"rendered":"Sobre"},"content":{"rendered":"\n<h1 class=\"wp-block-heading\"><a href=\"http:\/\/www.albrafer.com.br\/novo\/index.php\/servicos\">Albrafer<\/a> Ferramentaria<\/h1>\n\n\n\n<p><\/p>\n\n\n\n<p>A Albrafer Ferramentaria \u00e9 uma Ferramentaria especializada na fabrica\u00e7\u00e3o de ferramentas de estampo, dobra e repuxo, dispositivos de controle de produ\u00e7\u00e3o em geral e presta\u00e7\u00e3o de servi\u00e7o de usinagem t\u00e9cnica.<\/p>\n\n\n\n<p>A Albrafer Ferramentaria foi fundada em 13 de mar\u00e7o de 2006, atrav\u00e9s da brilhante id\u00e9ia de seus fundadores, por terem grande experi\u00eancia no ramo e uma vis\u00e3o futur\u00edstica, em ver que Joinville existia um nicho de mercado na \u00e1rea de ferramentas. Atualmente se localiza na Rua Osvaldo Cruz, 351, no Bairro Boa Vista.<\/p>\n\n\n\n<p>Para garantir o sucesso da empresa, os seguintes requisitos chaves da qualidade s\u00e3o observados:<\/p>\n\n\n\n<p>\u00b7&nbsp;&nbsp;&nbsp;&nbsp;&nbsp;&nbsp;&nbsp;Satisfa\u00e7\u00e3o dos clientes;<\/p>\n\n\n\n<p>\u00b7&nbsp; &nbsp; &nbsp; &nbsp;Fornecedores, parceiros comprometidos;<\/p>\n\n\n\n<p>\u00b7&nbsp; &nbsp; &nbsp; &nbsp;Comprometimento com o colaborador;<\/p>\n\n\n\n<p>\u00b7&nbsp; &nbsp; &nbsp; &nbsp;Qualidade do produto;<\/p>\n\n\n\n<p>\u00b7&nbsp; &nbsp; &nbsp; &nbsp;Melhoria cont\u00ednua;<\/p>\n\n\n\n<p>\u00b7&nbsp;&nbsp; &nbsp; &nbsp; &nbsp;Crescimento.<\/p>\n\n\n\n<p><strong>MISS\u00c3O<br><br><\/strong>\u00a0Prestar servi\u00e7os de usinagem de precis\u00e3o, com m\u00e3o-de-obra especializada, atrav\u00e9s da qualidade de servi\u00e7os e produtos, buscando a satisfa\u00e7\u00e3o dos nossos clientes.<\/p>\n\n\n\n<p><strong><br>PRINCIPIOS E VALORES<br><br><\/strong>Na Albrafer Ferramentaria adotam-se os seguintes princ\u00edpios e valores:<\/p>\n\n\n\n<p>\u00b7&nbsp; &nbsp;Implantar a Tecnologia Adequada para Presta\u00e7\u00e3o de Servi\u00e7o: Desenvolver e oferecer solu\u00e7\u00f5es inovadoras, utilizando os mais novos conceitos, equipamentos e procedimentos dispon\u00edveis;<\/p>\n\n\n\n<p>\u00b7&nbsp; &nbsp;Desenvolvimento do Potencial Humano:&nbsp;Promover infra-estrutura suficiente para o funcionamento da opera\u00e7\u00e3o, estabelecer ambiente que valorize a iniciativa, a criatividade, a rapidez, o esp\u00edrito empreendedor e a busca do aprendizado constante;<\/p>\n\n\n\n<p>\u00b7&nbsp; &nbsp;Foco no Cliente: Acompanhar e atender as demandas, disponibilizando as informa\u00e7\u00f5es necess\u00e1rias e superando as necessidades e expectativas de nossos clientes, agregando valor ao seu neg\u00f3cio;<\/p>\n\n\n\n<p>\u00b7&nbsp; &nbsp;Melhoria Continua: Medir o desempenho dos processos atrav\u00e9s de indicadores buscando constantemente a melhoria cont\u00ednua;<\/p>\n\n\n\n<p>\u00b7&nbsp;&nbsp;Comportamento \u00c9tico:&nbsp;Estabelecer ambiente de respeito, transpar\u00eancia, honestidade,&nbsp;compromisso em proteger e preservar o meio ambiente,cumprir e exceder os requisitos,&nbsp;minimizar o impacto, maximizar as oportunidades,Responsabilidade e Comunica\u00e7\u00e3o.<\/p>\n","protected":false},"excerpt":{"rendered":"<p>Albrafer Ferramentaria A Albrafer Ferramentaria \u00e9 uma Ferramentaria especializada na fabrica\u00e7\u00e3o de ferramentas de estampo, dobra e repuxo, dispositivos de controle de produ\u00e7\u00e3o em geral e presta\u00e7\u00e3o de servi\u00e7o de usinagem t\u00e9cnica. A Albrafer Ferramentaria foi fundada em 13 de mar\u00e7o de 2006, atrav\u00e9s da brilhante id\u00e9ia de seus fundadores, por terem grande experi\u00eancia no [&hellip;]<\/p>\n","protected":false},"author":1,"featured_media":0,"parent":0,"menu_order":0,"comment_status":"closed","ping_status":"closed","template":"","meta":[],"yoast_head":"<!-- This site is optimized with the Yoast SEO plugin v19.8 - https:\/\/yoast.com\/wordpress\/plugins\/seo\/ -->\n<title>Sobre - Albrafer Ferramentaria<\/title>\n<meta name=\"robots\" content=\"index, follow, max-snippet:-1, max-image-preview:large, max-video-preview:-1\" \/>\n<link rel=\"canonical\" href=\"https:\/\/albrafer.com.br\/index.php\/sobre\/\" \/>\n<meta property=\"og:locale\" content=\"pt_BR\" \/>\n<meta property=\"og:type\" content=\"article\" \/>\n<meta property=\"og:title\" content=\"Sobre - Albrafer Ferramentaria\" \/>\n<meta property=\"og:description\" content=\"Albrafer Ferramentaria A Albrafer Ferramentaria \u00e9 uma Ferramentaria especializada na fabrica\u00e7\u00e3o de ferramentas de estampo, dobra e repuxo, dispositivos de controle de produ\u00e7\u00e3o em geral e presta\u00e7\u00e3o de servi\u00e7o de usinagem t\u00e9cnica. A Albrafer Ferramentaria foi fundada em 13 de mar\u00e7o de 2006, atrav\u00e9s da brilhante id\u00e9ia de seus fundadores, por terem grande experi\u00eancia no [&hellip;]\" \/>\n<meta property=\"og:url\" content=\"https:\/\/albrafer.com.br\/index.php\/sobre\/\" \/>\n<meta property=\"og:site_name\" content=\"Albrafer Ferramentaria\" \/>\n<meta property=\"article:modified_time\" content=\"2023-01-12T20:28:08+00:00\" \/>\n<meta name=\"twitter:card\" content=\"summary_large_image\" \/>\n<meta name=\"twitter:label1\" content=\"Est. tempo de leitura\" \/>\n\t<meta name=\"twitter:data1\" content=\"2 minutos\" \/>\n<script type=\"application\/ld+json\" class=\"yoast-schema-graph\">{\"@context\":\"https:\/\/schema.org\",\"@graph\":[{\"@type\":\"WebPage\",\"@id\":\"https:\/\/albrafer.com.br\/index.php\/sobre\/\",\"url\":\"https:\/\/albrafer.com.br\/index.php\/sobre\/\",\"name\":\"Sobre - Albrafer Ferramentaria\",\"isPartOf\":{\"@id\":\"https:\/\/albrafer.com.br\/#website\"},\"datePublished\":\"2022-10-13T17:15:13+00:00\",\"dateModified\":\"2023-01-12T20:28:08+00:00\",\"breadcrumb\":{\"@id\":\"https:\/\/albrafer.com.br\/index.php\/sobre\/#breadcrumb\"},\"inLanguage\":\"pt-BR\",\"potentialAction\":[{\"@type\":\"ReadAction\",\"target\":[\"https:\/\/albrafer.com.br\/index.php\/sobre\/\"]}]},{\"@type\":\"BreadcrumbList\",\"@id\":\"https:\/\/albrafer.com.br\/index.php\/sobre\/#breadcrumb\",\"itemListElement\":[{\"@type\":\"ListItem\",\"position\":1,\"name\":\"In\u00edcio\",\"item\":\"https:\/\/albrafer.com.br\/\"},{\"@type\":\"ListItem\",\"position\":2,\"name\":\"Sobre\"}]},{\"@type\":\"WebSite\",\"@id\":\"https:\/\/albrafer.com.br\/#website\",\"url\":\"https:\/\/albrafer.com.br\/\",\"name\":\"Albrafer Ferramentaria\",\"description\":\"\",\"publisher\":{\"@id\":\"https:\/\/albrafer.com.br\/#organization\"},\"potentialAction\":[{\"@type\":\"SearchAction\",\"target\":{\"@type\":\"EntryPoint\",\"urlTemplate\":\"https:\/\/albrafer.com.br\/?s={search_term_string}\"},\"query-input\":\"required name=search_term_string\"}],\"inLanguage\":\"pt-BR\"},{\"@type\":\"Organization\",\"@id\":\"https:\/\/albrafer.com.br\/#organization\",\"name\":\"Albrafer Ferramentaria\",\"url\":\"https:\/\/albrafer.com.br\/\",\"sameAs\":[],\"logo\":{\"@type\":\"ImageObject\",\"inLanguage\":\"pt-BR\",\"@id\":\"https:\/\/albrafer.com.br\/#\/schema\/logo\/image\/\",\"url\":\"https:\/\/albrafer.com.br\/wp-content\/uploads\/2022\/10\/Logotipo_Horizontal-Albrafer.png\",\"contentUrl\":\"https:\/\/albrafer.com.br\/wp-content\/uploads\/2022\/10\/Logotipo_Horizontal-Albrafer.png\",\"width\":2928,\"height\":859,\"caption\":\"Albrafer Ferramentaria\"},\"image\":{\"@id\":\"https:\/\/albrafer.com.br\/#\/schema\/logo\/image\/\"}}]}<\/script>\n<!-- \/ Yoast SEO plugin. -->","yoast_head_json":{"title":"Sobre - Albrafer Ferramentaria","robots":{"index":"index","follow":"follow","max-snippet":"max-snippet:-1","max-image-preview":"max-image-preview:large","max-video-preview":"max-video-preview:-1"},"canonical":"https:\/\/albrafer.com.br\/index.php\/sobre\/","og_locale":"pt_BR","og_type":"article","og_title":"Sobre - Albrafer Ferramentaria","og_description":"Albrafer Ferramentaria A Albrafer Ferramentaria \u00e9 uma Ferramentaria especializada na fabrica\u00e7\u00e3o de ferramentas de estampo, dobra e repuxo, dispositivos de controle de produ\u00e7\u00e3o em geral e presta\u00e7\u00e3o de servi\u00e7o de usinagem t\u00e9cnica. A Albrafer Ferramentaria foi fundada em 13 de mar\u00e7o de 2006, atrav\u00e9s da brilhante id\u00e9ia de seus fundadores, por terem grande experi\u00eancia no [&hellip;]","og_url":"https:\/\/albrafer.com.br\/index.php\/sobre\/","og_site_name":"Albrafer Ferramentaria","article_modified_time":"2023-01-12T20:28:08+00:00","twitter_card":"summary_large_image","twitter_misc":{"Est. tempo de leitura":"2 minutos"},"schema":{"@context":"https:\/\/schema.org","@graph":[{"@type":"WebPage","@id":"https:\/\/albrafer.com.br\/index.php\/sobre\/","url":"https:\/\/albrafer.com.br\/index.php\/sobre\/","name":"Sobre - Albrafer Ferramentaria","isPartOf":{"@id":"https:\/\/albrafer.com.br\/#website"},"datePublished":"2022-10-13T17:15:13+00:00","dateModified":"2023-01-12T20:28:08+00:00","breadcrumb":{"@id":"https:\/\/albrafer.com.br\/index.php\/sobre\/#breadcrumb"},"inLanguage":"pt-BR","potentialAction":[{"@type":"ReadAction","target":["https:\/\/albrafer.com.br\/index.php\/sobre\/"]}]},{"@type":"BreadcrumbList","@id":"https:\/\/albrafer.com.br\/index.php\/sobre\/#breadcrumb","itemListElement":[{"@type":"ListItem","position":1,"name":"In\u00edcio","item":"https:\/\/albrafer.com.br\/"},{"@type":"ListItem","position":2,"name":"Sobre"}]},{"@type":"WebSite","@id":"https:\/\/albrafer.com.br\/#website","url":"https:\/\/albrafer.com.br\/","name":"Albrafer Ferramentaria","description":"","publisher":{"@id":"https:\/\/albrafer.com.br\/#organization"},"potentialAction":[{"@type":"SearchAction","target":{"@type":"EntryPoint","urlTemplate":"https:\/\/albrafer.com.br\/?s={search_term_string}"},"query-input":"required name=search_term_string"}],"inLanguage":"pt-BR"},{"@type":"Organization","@id":"https:\/\/albrafer.com.br\/#organization","name":"Albrafer Ferramentaria","url":"https:\/\/albrafer.com.br\/","sameAs":[],"logo":{"@type":"ImageObject","inLanguage":"pt-BR","@id":"https:\/\/albrafer.com.br\/#\/schema\/logo\/image\/","url":"https:\/\/albrafer.com.br\/wp-content\/uploads\/2022\/10\/Logotipo_Horizontal-Albrafer.png","contentUrl":"https:\/\/albrafer.com.br\/wp-content\/uploads\/2022\/10\/Logotipo_Horizontal-Albrafer.png","width":2928,"height":859,"caption":"Albrafer Ferramentaria"},"image":{"@id":"https:\/\/albrafer.com.br\/#\/schema\/logo\/image\/"}}]}},"_links":{"self":[{"href":"https:\/\/albrafer.com.br\/index.php\/wp-json\/wp\/v2\/pages\/35"}],"collection":[{"href":"https:\/\/albrafer.com.br\/index.php\/wp-json\/wp\/v2\/pages"}],"about":[{"href":"https:\/\/albrafer.com.br\/index.php\/wp-json\/wp\/v2\/types\/page"}],"author":[{"embeddable":true,"href":"https:\/\/albrafer.com.br\/index.php\/wp-json\/wp\/v2\/users\/1"}],"replies":[{"embeddable":true,"href":"https:\/\/albrafer.com.br\/index.php\/wp-json\/wp\/v2\/comments?post=35"}],"version-history":[{"count":7,"href":"https:\/\/albrafer.com.br\/index.php\/wp-json\/wp\/v2\/pages\/35\/revisions"}],"predecessor-version":[{"id":269,"href":"https:\/\/albrafer.com.br\/index.php\/wp-json\/wp\/v2\/pages\/35\/revisions\/269"}],"wp:attachment":[{"href":"https:\/\/albrafer.com.br\/index.php\/wp-json\/wp\/v2\/media?parent=35"}],"curies":[{"name":"wp","href":"https:\/\/api.w.org\/{rel}","templated":true}]}}